{"id":1409,"date":"2016-01-13T16:18:18","date_gmt":"2016-01-13T16:18:18","guid":{"rendered":"http:\/\/www.toocute.fr\/?page_id=1409"},"modified":"2025-07-08T18:45:04","modified_gmt":"2025-07-08T16:45:04","slug":"expertise","status":"publish","type":"page","link":"https:\/\/www.toocute.fr\/index.php\/expertise\/","title":{"rendered":"Expertise"},"content":{"rendered":"<p>[et_pb_section fb_built=\u00a0\u00bb1&Prime; admin_label=\u00a0\u00bbCollection\u00a0\u00bb _builder_version=\u00a0\u00bb4.27.4&Prime; _module_preset=\u00a0\u00bbdefault\u00a0\u00bb background_color=\u00a0\u00bb#FCFCFC\u00a0\u00bb custom_margin=\u00a0\u00bb100px||100px||false|false\u00a0\u00bb custom_padding=\u00a0\u00bb100px||||false|false\u00a0\u00bb global_module=\u00a0\u00bb4398&Prime; saved_tabs=\u00a0\u00bball\u00a0\u00bb collapsed=\u00a0\u00bbon\u00a0\u00bb global_colors_info=\u00a0\u00bb{}\u00a0\u00bb locked=\u00a0\u00bboff\u00a0\u00bb][et_pb_row _builder_version=\u00a0\u00bb4.24.2&Prime; _module_preset=\u00a0\u00bbdefault\u00a0\u00bb max_width=\u00a0\u00bb1280px\u00a0\u00bb custom_margin=\u00a0\u00bb-15px|auto||auto||\u00a0\u00bb global_colors_info=\u00a0\u00bb{}\u00a0\u00bb][et_pb_column type=\u00a0\u00bb4_4&Prime; _builder_version=\u00a0\u00bb4.24.2&Prime; _module_preset=\u00a0\u00bbdefault\u00a0\u00bb global_colors_info=\u00a0\u00bb{}\u00a0\u00bb][et_pb_text _builder_version=\u00a0\u00bb4.27.4&Prime; _module_preset=\u00a0\u00bb_initial\u00a0\u00bb text_font=\u00a0\u00bbWork Sans|300|||||||\u00a0\u00bb text_text_color=\u00a0\u00bb#2B2438&Prime; text_font_size=\u00a0\u00bb19px\u00a0\u00bb text_line_height=\u00a0\u00bb1.5em\u00a0\u00bb global_colors_info=\u00a0\u00bb{}\u00a0\u00bb]<\/p>\n<h2>Mes domaines d\u2019expertise<\/h2>\n<p>[\/et_pb_text][\/et_pb_column][\/et_pb_row][et_pb_row column_structure=\u00a0\u00bb1_2,1_2&Prime; make_equal=\u00a0\u00bbon\u00a0\u00bb _builder_version=\u00a0\u00bb4.27.4&Prime; _module_preset=\u00a0\u00bbdefault\u00a0\u00bb max_width=\u00a0\u00bb1280px\u00a0\u00bb global_colors_info=\u00a0\u00bb{}\u00a0\u00bb][et_pb_column type=\u00a0\u00bb1_2&Prime; _builder_version=\u00a0\u00bb4.24.2&Prime; _module_preset=\u00a0\u00bbdefault\u00a0\u00bb global_colors_info=\u00a0\u00bb{}\u00a0\u00bb][et_pb_text _builder_version=\u00a0\u00bb4.27.4&Prime; _module_preset=\u00a0\u00bb_initial\u00a0\u00bb text_font=\u00a0\u00bbWork Sans|300|||||||\u00a0\u00bb text_text_color=\u00a0\u00bb#FFFDFD\u00a0\u00bb text_font_size=\u00a0\u00bb19px\u00a0\u00bb text_line_height=\u00a0\u00bb1.5em\u00a0\u00bb header_3_text_color=\u00a0\u00bb#FFFDFD\u00a0\u00bb header_5_text_color=\u00a0\u00bb#FFFDFD\u00a0\u00bb background_color=\u00a0\u00bbgcid-b6d30afb-6a9a-406f-a794-67b00d606a34&Prime; custom_padding=\u00a0\u00bb10%|10%|10%|10%|false|false\u00a0\u00bb border_radii=\u00a0\u00bbon|24px|24px|24px|24px\u00a0\u00bb global_colors_info=\u00a0\u00bb{%22gcid-b6d30afb-6a9a-406f-a794-67b00d606a34%22:%91%22background_color%22%93}\u00a0\u00bb]<\/p>\n<h3>\u270f\ufe0f Design Graphique<\/h3>\n<h5>Une identit\u00e9 avec du style<\/h5>\n<p>Logo, branding, supports print ou digitaux : chaque cr\u00e9ation a une identit\u00e9 singuli\u00e8re, une signature visuelle.<\/p>\n<p><strong>\u2192 R\u00e9sultat :<\/strong> vous \u00eates rep\u00e9rables, m\u00e9morables, coh\u00e9rents.<\/p>\n<p>[\/et_pb_text][\/et_pb_column][et_pb_column type=\u00a0\u00bb1_2&Prime; _builder_version=\u00a0\u00bb4.24.2&Prime; _module_preset=\u00a0\u00bbdefault\u00a0\u00bb global_colors_info=\u00a0\u00bb{}\u00a0\u00bb][et_pb_text _builder_version=\u00a0\u00bb4.27.4&Prime; _module_preset=\u00a0\u00bb_initial\u00a0\u00bb text_font=\u00a0\u00bbWork Sans|300|||||||\u00a0\u00bb text_text_color=\u00a0\u00bb#2B2438&Prime; text_font_size=\u00a0\u00bb19px\u00a0\u00bb text_line_height=\u00a0\u00bb1.5em\u00a0\u00bb background_color=\u00a0\u00bbgcid-6ba3b8df-a28e-4c49-8004-86f6044589b7&Prime; custom_padding=\u00a0\u00bb10%|10%|10%|10%|false|false\u00a0\u00bb border_radii=\u00a0\u00bbon|24px|24px|24px|24px\u00a0\u00bb global_colors_info=\u00a0\u00bb{%22gcid-6ba3b8df-a28e-4c49-8004-86f6044589b7%22:%91%22background_color%22%93}\u00a0\u00bb]<\/p>\n<h3>\ud83c\udf1f UX Design<\/h3>\n<h5>Votre public au c\u0153ur de la cr\u00e9ation<\/h5>\n<p>Recherche, entretiens utilisateurs, parcours utilisateurs, wireframes, UX writing : tout part de l\u2019humain.<\/p>\n<p><strong>\u2192 R\u00e9sultat :<\/strong> des interfaces UX qui r\u00e9pondent aux besoins, captivent et restent.<\/p>\n<p>[\/et_pb_text][\/et_pb_column][\/et_pb_row][et_pb_row column_structure=\u00a0\u00bb1_2,1_2&Prime; make_equal=\u00a0\u00bbon\u00a0\u00bb _builder_version=\u00a0\u00bb4.27.4&Prime; _module_preset=\u00a0\u00bbdefault\u00a0\u00bb max_width=\u00a0\u00bb1280px\u00a0\u00bb global_colors_info=\u00a0\u00bb{}\u00a0\u00bb][et_pb_column type=\u00a0\u00bb1_2&Prime; _builder_version=\u00a0\u00bb4.24.2&Prime; _module_preset=\u00a0\u00bbdefault\u00a0\u00bb global_colors_info=\u00a0\u00bb{}\u00a0\u00bb][et_pb_text _builder_version=\u00a0\u00bb4.27.4&Prime; _module_preset=\u00a0\u00bb_initial\u00a0\u00bb text_font=\u00a0\u00bbWork Sans|300|||||||\u00a0\u00bb text_text_color=\u00a0\u00bb#2B2438&Prime; text_font_size=\u00a0\u00bb19px\u00a0\u00bb text_line_height=\u00a0\u00bb1.5em\u00a0\u00bb background_color=\u00a0\u00bb#d2d6ef\u00a0\u00bb custom_padding=\u00a0\u00bb10%|10%|10%|10%|false|false\u00a0\u00bb border_radii=\u00a0\u00bbon|24px|24px|24px|24px\u00a0\u00bb global_colors_info=\u00a0\u00bb{}\u00a0\u00bb]<\/p>\n<h3>\ud83d\udca1 UI Design<\/h3>\n<h5>Quand visuel rime avec pertinence<\/h5>\n<p>Prototypes interactifs, \u00e9crans responsive, hi\u00e9rarchie visuelle, UI Kit : je traduis la strat\u00e9gie digitale esth\u00e9tiquement pour des sites coh\u00e9rents et qui ne passent pas inaper\u00e7us.<\/p>\n<p><strong>\u2192 R\u00e9sultat :<\/strong> des interfaces claires, attractives, robustes et faciles \u00e0 prendre en main.<\/p>\n<p>[\/et_pb_text][\/et_pb_column][et_pb_column type=\u00a0\u00bb1_2&Prime; _builder_version=\u00a0\u00bb4.24.2&Prime; _module_preset=\u00a0\u00bbdefault\u00a0\u00bb global_colors_info=\u00a0\u00bb{}\u00a0\u00bb][et_pb_text _builder_version=\u00a0\u00bb4.27.4&Prime; _module_preset=\u00a0\u00bb_initial\u00a0\u00bb text_font=\u00a0\u00bbWork Sans|300|||||||\u00a0\u00bb text_text_color=\u00a0\u00bb#FFFDFD\u00a0\u00bb text_font_size=\u00a0\u00bb19px\u00a0\u00bb text_line_height=\u00a0\u00bb1.5em\u00a0\u00bb header_text_color=\u00a0\u00bb#FFFDFD\u00a0\u00bb header_2_text_color=\u00a0\u00bb#FFFDFD\u00a0\u00bb header_3_text_color=\u00a0\u00bb#FFFDFD\u00a0\u00bb header_4_text_color=\u00a0\u00bb#FFFDFD\u00a0\u00bb header_5_text_color=\u00a0\u00bb#FFFDFD\u00a0\u00bb background_color=\u00a0\u00bb#3D575B\u00a0\u00bb custom_padding=\u00a0\u00bb10%|10%|10%|10%|false|false\u00a0\u00bb border_radii=\u00a0\u00bbon|24px|24px|24px|24px\u00a0\u00bb global_colors_info=\u00a0\u00bb{}\u00a0\u00bb]<\/p>\n<h3>\ud83d\udcda P\u00e9dagogie<\/h3>\n<h5>Transmettre pour faire grandir<\/h5>\n<p>Partager, c\u2019est faire exister le design autrement.\u2028 J&rsquo;interviens en \u00e9coles de design. Mon objectif : rendre le design accessible, concret, exigeant et nourrir la r\u00e9flexion autant que la pratique.<\/p>\n<p><strong>\u2192 R\u00e9sultat :<\/strong> des \u00e9tudiant\u00b7es align\u00e9\u00b7es avec les enjeux du m\u00e9tier.<\/p>\n<p>[\/et_pb_text][\/et_pb_column][\/et_pb_row][\/et_pb_section][et_pb_section fb_built=\u00a0\u00bb1&Prime; _builder_version=\u00a0\u00bb4.16&Prime; _module_preset=\u00a0\u00bbdefault\u00a0\u00bb custom_padding=\u00a0\u00bb0px||0px||false|false\u00a0\u00bb global_colors_info=\u00a0\u00bb{}\u00a0\u00bb][\/et_pb_section]<\/p>\n","protected":false},"excerpt":{"rendered":"<p>Mes domaines d\u2019expertise\u270f\ufe0f Design Graphique Une identit\u00e9 avec du style Logo, branding, supports print ou digitaux : chaque cr\u00e9ation a une identit\u00e9 singuli\u00e8re, une signature visuelle. \u2192 R\u00e9sultat : vous \u00eates rep\u00e9rables, m\u00e9morables, coh\u00e9rents.\ud83c\udf1f UX Design Votre public au c\u0153ur de la cr\u00e9ation Recherche, entretiens utilisateurs, parcours utilisateurs, wireframes, UX writing : tout part de [&hellip;]<\/p>\n","protected":false},"author":1,"featured_media":0,"parent":0,"menu_order":15,"comment_status":"closed","ping_status":"closed","template":"","meta":{"_et_pb_use_builder":"on","_et_pb_old_content":"<img class=\"aligncenter size-full wp-image-1415\" src=\"http:\/\/www.toocute.fr\/wp-content\/uploads\/2016\/01\/prestations-too-cute-design-graphiste-montpellier.png\" alt=\"prestations-too-cute-design-graphiste-montpellier\" width=\"1000\" height=\"1209\" \/>","_et_gb_content_width":"","footnotes":""},"class_list":["post-1409","page","type-page","status-publish","hentry"],"yoast_head":"<!-- This site is optimized with the Yoast SEO plugin v27.1.1 - https:\/\/yoast.com\/product\/yoast-seo-wordpress\/ -->\n<title>Expertise - Ang\u00e9lique JAILLON, Designer graphique \u270d\ud83c\udffb | UX\/UI \ud83e\udde0 | Intervenante design \ud83d\udc69\ud83c\udffb\u200d\ud83d\udcbb | P\u00e9dagogie<\/title>\n<meta name=\"description\" content=\"Un panel de prestations r\u00e9alisables par Ang\u00e9llique JAILLON, graphiste et web designer \u00e0 Montpellier.\" \/>\n<meta name=\"robots\" content=\"index, follow, max-snippet:-1, max-image-preview:large, max-video-preview:-1\" \/>\n<link rel=\"canonical\" href=\"https:\/\/www.toocute.fr\/index.php\/expertise\/\" \/>\n<meta property=\"og:locale\" content=\"fr_FR\" \/>\n<meta property=\"og:type\" content=\"article\" \/>\n<meta property=\"og:title\" content=\"Expertise - Ang\u00e9lique JAILLON, Designer graphique \u270d\ud83c\udffb | UX\/UI \ud83e\udde0 | Intervenante design \ud83d\udc69\ud83c\udffb\u200d\ud83d\udcbb | P\u00e9dagogie\" \/>\n<meta property=\"og:description\" content=\"Un panel de prestations r\u00e9alisables par Ang\u00e9llique JAILLON, graphiste et web designer \u00e0 Montpellier.\" \/>\n<meta property=\"og:url\" content=\"https:\/\/www.toocute.fr\/index.php\/expertise\/\" \/>\n<meta property=\"og:site_name\" content=\"Ang\u00e9lique JAILLON, Designer graphique \u270d\ud83c\udffb | UX\/UI \ud83e\udde0 | Intervenante design \ud83d\udc69\ud83c\udffb\u200d\ud83d\udcbb | P\u00e9dagogie\" \/>\n<meta property=\"article:modified_time\" content=\"2025-07-08T16:45:04+00:00\" \/>\n<meta property=\"og:image\" content=\"https:\/\/www.toocute.fr\/wp-content\/uploads\/2025\/07\/direction-artistique-tamboor-couches-angelique-jaillon-2-scaled.jpg\" \/>\n\t<meta property=\"og:image:width\" content=\"2560\" \/>\n\t<meta property=\"og:image:height\" content=\"1704\" \/>\n\t<meta property=\"og:image:type\" content=\"image\/jpeg\" \/>\n<meta name=\"twitter:card\" content=\"summary_large_image\" \/>\n<meta name=\"twitter:label1\" content=\"Dur\u00e9e de lecture estim\u00e9e\" \/>\n\t<meta name=\"twitter:data1\" content=\"2 minutes\" \/>\n<script type=\"application\/ld+json\" class=\"yoast-schema-graph\">{\"@context\":\"https:\/\/schema.org\",\"@graph\":[{\"@type\":\"WebPage\",\"@id\":\"https:\/\/www.toocute.fr\/index.php\/expertise\/\",\"url\":\"https:\/\/www.toocute.fr\/index.php\/expertise\/\",\"name\":\"Expertise - Ang\u00e9lique JAILLON, Designer graphique \u270d\ud83c\udffb | UX\/UI \ud83e\udde0 | Intervenante design \ud83d\udc69\ud83c\udffb\u200d\ud83d\udcbb | P\u00e9dagogie\",\"isPartOf\":{\"@id\":\"https:\/\/www.toocute.fr\/#website\"},\"datePublished\":\"2016-01-13T16:18:18+00:00\",\"dateModified\":\"2025-07-08T16:45:04+00:00\",\"description\":\"Un panel de prestations r\u00e9alisables par Ang\u00e9llique JAILLON, graphiste et web designer \u00e0 Montpellier.\",\"breadcrumb\":{\"@id\":\"https:\/\/www.toocute.fr\/index.php\/expertise\/#breadcrumb\"},\"inLanguage\":\"fr-FR\",\"potentialAction\":[{\"@type\":\"ReadAction\",\"target\":[\"https:\/\/www.toocute.fr\/index.php\/expertise\/\"]}]},{\"@type\":\"BreadcrumbList\",\"@id\":\"https:\/\/www.toocute.fr\/index.php\/expertise\/#breadcrumb\",\"itemListElement\":[{\"@type\":\"ListItem\",\"position\":1,\"name\":\"Accueil\",\"item\":\"https:\/\/www.toocute.fr\/\"},{\"@type\":\"ListItem\",\"position\":2,\"name\":\"Expertise\"}]},{\"@type\":\"WebSite\",\"@id\":\"https:\/\/www.toocute.fr\/#website\",\"url\":\"https:\/\/www.toocute.fr\/\",\"name\":\"Ang\u00e9lique JAILLON, Designer graphique \u270d\ud83c\udffb | UX\/UI \ud83e\udde0 | Intervenante design \ud83d\udc69\ud83c\udffb\u200d\ud83d\udcbb | P\u00e9dagogie\",\"description\":\"Je d\u00e9busque des solutions cr\u00e9atives pour vos projets !\",\"publisher\":{\"@id\":\"https:\/\/www.toocute.fr\/#organization\"},\"alternateName\":\"Designer graphique & UX UI Designer \u00e0 Montpellier\",\"potentialAction\":[{\"@type\":\"SearchAction\",\"target\":{\"@type\":\"EntryPoint\",\"urlTemplate\":\"https:\/\/www.toocute.fr\/?s={search_term_string}\"},\"query-input\":{\"@type\":\"PropertyValueSpecification\",\"valueRequired\":true,\"valueName\":\"search_term_string\"}}],\"inLanguage\":\"fr-FR\"},{\"@type\":\"Organization\",\"@id\":\"https:\/\/www.toocute.fr\/#organization\",\"name\":\"Ang\u00e9lique JAILLON, Designer graphique \u270d\ud83c\udffb | UX\/UI \ud83e\udde0 | Intervenante design \ud83d\udc69\ud83c\udffb\u200d\ud83d\udcbb | P\u00e9dagogie\",\"url\":\"https:\/\/www.toocute.fr\/\",\"logo\":{\"@type\":\"ImageObject\",\"inLanguage\":\"fr-FR\",\"@id\":\"https:\/\/www.toocute.fr\/#\/schema\/logo\/image\/\",\"url\":\"https:\/\/www.toocute.fr\/wp-content\/uploads\/2025\/06\/too-cute-logo-bleu-gris.svg\",\"contentUrl\":\"https:\/\/www.toocute.fr\/wp-content\/uploads\/2025\/06\/too-cute-logo-bleu-gris.svg\",\"width\":1,\"height\":1,\"caption\":\"Ang\u00e9lique JAILLON, Designer graphique \u270d\ud83c\udffb | UX\/UI \ud83e\udde0 | Intervenante design \ud83d\udc69\ud83c\udffb\u200d\ud83d\udcbb | P\u00e9dagogie\"},\"image\":{\"@id\":\"https:\/\/www.toocute.fr\/#\/schema\/logo\/image\/\"},\"sameAs\":[\"https:\/\/www.instagram.com\/toocutedesign\/\",\"https:\/\/www.linkedin.com\/in\/angeliquejaillon\/\",\"https:\/\/fr.pinterest.com\/toocute\/_boards\/\"]}]}<\/script>\n<!-- \/ Yoast SEO plugin. -->","yoast_head_json":{"title":"Expertise - Ang\u00e9lique JAILLON, Designer graphique \u270d\ud83c\udffb | UX\/UI \ud83e\udde0 | Intervenante design \ud83d\udc69\ud83c\udffb\u200d\ud83d\udcbb | P\u00e9dagogie","description":"Un panel de prestations r\u00e9alisables par Ang\u00e9llique JAILLON, graphiste et web designer \u00e0 Montpellier.","robots":{"index":"index","follow":"follow","max-snippet":"max-snippet:-1","max-image-preview":"max-image-preview:large","max-video-preview":"max-video-preview:-1"},"canonical":"https:\/\/www.toocute.fr\/index.php\/expertise\/","og_locale":"fr_FR","og_type":"article","og_title":"Expertise - Ang\u00e9lique JAILLON, Designer graphique \u270d\ud83c\udffb | UX\/UI \ud83e\udde0 | Intervenante design \ud83d\udc69\ud83c\udffb\u200d\ud83d\udcbb | P\u00e9dagogie","og_description":"Un panel de prestations r\u00e9alisables par Ang\u00e9llique JAILLON, graphiste et web designer \u00e0 Montpellier.","og_url":"https:\/\/www.toocute.fr\/index.php\/expertise\/","og_site_name":"Ang\u00e9lique JAILLON, Designer graphique \u270d\ud83c\udffb | UX\/UI \ud83e\udde0 | Intervenante design \ud83d\udc69\ud83c\udffb\u200d\ud83d\udcbb | P\u00e9dagogie","article_modified_time":"2025-07-08T16:45:04+00:00","og_image":[{"width":2560,"height":1704,"url":"https:\/\/www.toocute.fr\/wp-content\/uploads\/2025\/07\/direction-artistique-tamboor-couches-angelique-jaillon-2-scaled.jpg","type":"image\/jpeg"}],"twitter_card":"summary_large_image","twitter_misc":{"Dur\u00e9e de lecture estim\u00e9e":"2 minutes"},"schema":{"@context":"https:\/\/schema.org","@graph":[{"@type":"WebPage","@id":"https:\/\/www.toocute.fr\/index.php\/expertise\/","url":"https:\/\/www.toocute.fr\/index.php\/expertise\/","name":"Expertise - Ang\u00e9lique JAILLON, Designer graphique \u270d\ud83c\udffb | UX\/UI \ud83e\udde0 | Intervenante design \ud83d\udc69\ud83c\udffb\u200d\ud83d\udcbb | P\u00e9dagogie","isPartOf":{"@id":"https:\/\/www.toocute.fr\/#website"},"datePublished":"2016-01-13T16:18:18+00:00","dateModified":"2025-07-08T16:45:04+00:00","description":"Un panel de prestations r\u00e9alisables par Ang\u00e9llique JAILLON, graphiste et web designer \u00e0 Montpellier.","breadcrumb":{"@id":"https:\/\/www.toocute.fr\/index.php\/expertise\/#breadcrumb"},"inLanguage":"fr-FR","potentialAction":[{"@type":"ReadAction","target":["https:\/\/www.toocute.fr\/index.php\/expertise\/"]}]},{"@type":"BreadcrumbList","@id":"https:\/\/www.toocute.fr\/index.php\/expertise\/#breadcrumb","itemListElement":[{"@type":"ListItem","position":1,"name":"Accueil","item":"https:\/\/www.toocute.fr\/"},{"@type":"ListItem","position":2,"name":"Expertise"}]},{"@type":"WebSite","@id":"https:\/\/www.toocute.fr\/#website","url":"https:\/\/www.toocute.fr\/","name":"Ang\u00e9lique JAILLON, Designer graphique \u270d\ud83c\udffb | UX\/UI \ud83e\udde0 | Intervenante design \ud83d\udc69\ud83c\udffb\u200d\ud83d\udcbb | P\u00e9dagogie","description":"Je d\u00e9busque des solutions cr\u00e9atives pour vos projets !","publisher":{"@id":"https:\/\/www.toocute.fr\/#organization"},"alternateName":"Designer graphique & UX UI Designer \u00e0 Montpellier","potentialAction":[{"@type":"SearchAction","target":{"@type":"EntryPoint","urlTemplate":"https:\/\/www.toocute.fr\/?s={search_term_string}"},"query-input":{"@type":"PropertyValueSpecification","valueRequired":true,"valueName":"search_term_string"}}],"inLanguage":"fr-FR"},{"@type":"Organization","@id":"https:\/\/www.toocute.fr\/#organization","name":"Ang\u00e9lique JAILLON, Designer graphique \u270d\ud83c\udffb | UX\/UI \ud83e\udde0 | Intervenante design \ud83d\udc69\ud83c\udffb\u200d\ud83d\udcbb | P\u00e9dagogie","url":"https:\/\/www.toocute.fr\/","logo":{"@type":"ImageObject","inLanguage":"fr-FR","@id":"https:\/\/www.toocute.fr\/#\/schema\/logo\/image\/","url":"https:\/\/www.toocute.fr\/wp-content\/uploads\/2025\/06\/too-cute-logo-bleu-gris.svg","contentUrl":"https:\/\/www.toocute.fr\/wp-content\/uploads\/2025\/06\/too-cute-logo-bleu-gris.svg","width":1,"height":1,"caption":"Ang\u00e9lique JAILLON, Designer graphique \u270d\ud83c\udffb | UX\/UI \ud83e\udde0 | Intervenante design \ud83d\udc69\ud83c\udffb\u200d\ud83d\udcbb | P\u00e9dagogie"},"image":{"@id":"https:\/\/www.toocute.fr\/#\/schema\/logo\/image\/"},"sameAs":["https:\/\/www.instagram.com\/toocutedesign\/","https:\/\/www.linkedin.com\/in\/angeliquejaillon\/","https:\/\/fr.pinterest.com\/toocute\/_boards\/"]}]}},"_links":{"self":[{"href":"https:\/\/www.toocute.fr\/index.php\/wp-json\/wp\/v2\/pages\/1409","targetHints":{"allow":["GET"]}}],"collection":[{"href":"https:\/\/www.toocute.fr\/index.php\/wp-json\/wp\/v2\/pages"}],"about":[{"href":"https:\/\/www.toocute.fr\/index.php\/wp-json\/wp\/v2\/types\/page"}],"author":[{"embeddable":true,"href":"https:\/\/www.toocute.fr\/index.php\/wp-json\/wp\/v2\/users\/1"}],"replies":[{"embeddable":true,"href":"https:\/\/www.toocute.fr\/index.php\/wp-json\/wp\/v2\/comments?post=1409"}],"version-history":[{"count":4,"href":"https:\/\/www.toocute.fr\/index.php\/wp-json\/wp\/v2\/pages\/1409\/revisions"}],"predecessor-version":[{"id":4402,"href":"https:\/\/www.toocute.fr\/index.php\/wp-json\/wp\/v2\/pages\/1409\/revisions\/4402"}],"wp:attachment":[{"href":"https:\/\/www.toocute.fr\/index.php\/wp-json\/wp\/v2\/media?parent=1409"}],"curies":[{"name":"wp","href":"https:\/\/api.w.org\/{rel}","templated":true}]}}