{"id":2726,"date":"2020-11-24T11:32:27","date_gmt":"2020-11-24T11:32:27","guid":{"rendered":"https:\/\/www.toocute.fr\/?page_id=2726"},"modified":"2025-07-10T14:21:26","modified_gmt":"2025-07-10T12:21:26","slug":"politique-de-confidentialite-2","status":"publish","type":"page","link":"https:\/\/www.toocute.fr\/index.php\/politique-de-confidentialite-2\/","title":{"rendered":"Politique de confidentialit\u00e9"},"content":{"rendered":"<p>[et_pb_section fb_built=\u00a0\u00bb1&Prime; fullwidth=\u00a0\u00bbon\u00a0\u00bb _builder_version=\u00a0\u00bb4.16&Prime; _module_preset=\u00a0\u00bbdefault\u00a0\u00bb module_alignment=\u00a0\u00bbcenter\u00a0\u00bb global_colors_info=\u00a0\u00bb{}\u00a0\u00bb][et_pb_fullwidth_post_title meta=\u00a0\u00bboff\u00a0\u00bb _builder_version=\u00a0\u00bb4.16&Prime; _module_preset=\u00a0\u00bbdefault\u00a0\u00bb title_font=\u00a0\u00bbWork Sans|||on|||||\u00a0\u00bb title_text_align=\u00a0\u00bbcenter\u00a0\u00bb title_font_size=\u00a0\u00bb33px\u00a0\u00bb text_orientation=\u00a0\u00bbcenter\u00a0\u00bb global_colors_info=\u00a0\u00bb{}\u00a0\u00bb][\/et_pb_fullwidth_post_title][\/et_pb_section][et_pb_section fb_built=\u00a0\u00bb1&Prime; admin_label=\u00a0\u00bbsection\u00a0\u00bb _builder_version=\u00a0\u00bb4.16&Prime; global_colors_info=\u00a0\u00bb{}\u00a0\u00bb][et_pb_row admin_label=\u00a0\u00bbrow\u00a0\u00bb _builder_version=\u00a0\u00bb4.16&Prime; background_size=\u00a0\u00bbinitial\u00a0\u00bb background_position=\u00a0\u00bbtop_left\u00a0\u00bb background_repeat=\u00a0\u00bbrepeat\u00a0\u00bb global_colors_info=\u00a0\u00bb{}\u00a0\u00bb][et_pb_column type=\u00a0\u00bb4_4&Prime; _builder_version=\u00a0\u00bb4.16&Prime; custom_padding=\u00a0\u00bb|||\u00a0\u00bb global_colors_info=\u00a0\u00bb{}\u00a0\u00bb custom_padding__hover=\u00a0\u00bb|||\u00a0\u00bb][et_pb_text _builder_version=\u00a0\u00bb4.16&Prime; _module_preset=\u00a0\u00bbdefault\u00a0\u00bb text_font=\u00a0\u00bbWork Sans|300|||||||\u00a0\u00bb text_text_color=\u00a0\u00bb#333333&Prime; text_font_size=\u00a0\u00bb16px\u00a0\u00bb text_line_height=\u00a0\u00bb1.9em\u00a0\u00bb header_font=\u00a0\u00bb||||||||\u00a0\u00bb header_2_font_size=\u00a0\u00bb35px\u00a0\u00bb header_2_line_height=\u00a0\u00bb1.3em\u00a0\u00bb background_size=\u00a0\u00bbinitial\u00a0\u00bb background_position=\u00a0\u00bbtop_left\u00a0\u00bb background_repeat=\u00a0\u00bbrepeat\u00a0\u00bb text_orientation=\u00a0\u00bbcenter\u00a0\u00bb max_width=\u00a0\u00bb800px\u00a0\u00bb module_alignment=\u00a0\u00bbcenter\u00a0\u00bb animation_style=\u00a0\u00bbslide\u00a0\u00bb animation_direction=\u00a0\u00bbbottom\u00a0\u00bb animation_intensity_slide=\u00a0\u00bb4%\u00a0\u00bb global_colors_info=\u00a0\u00bb{}\u00a0\u00bb]<\/p>\n<p>&nbsp;<\/p>\n<p>&nbsp;<\/p>\n<p>Je vous propose de consulter notre politique de confidentialit\u00e9 et utilisation des donn\u00e9es personnelles en vigueur depuis le 25 mai 2018.<\/p>\n<h3>Cookies &#8211; Politique de confidentialit\u00e9<\/h3>\n<p>Pour commencer, l\u2019utilisateur est inform\u00e9 que lors de ses visites sur ce site Internet, un ou des cookies sont susceptibles de s\u2019installer automatiquement sur son ordinateur.<br \/>Un cookie est un fichier de petite taille qui enregistre des informations relatives \u00e0 la navigation d\u2019un ordinateur sur un site. Les donn\u00e9es ainsi obtenues visent \u00e0 faciliter la navigation ult\u00e9rieure sur le site,<br \/>et ont \u00e9galement vocation \u00e0 permettre diverses mesures de fr\u00e9quentation.<br \/>Il existe diff\u00e9rents logiciels \u00ab\u2009anti-espions\u2009\u00bb, qui emp\u00eachent l\u2019installation des cookies d\u2019analyse d\u2019audience, et bien d\u2019autres encore. La CNIL indique quelles solutions sont disponibles avec votre navigateur, dans son article \u00ab\u2009<a href=\"https:\/\/www.cnil.fr\/fr\/cookies-les-outils-pour-les-maitriser\" target=\"_blank\" rel=\"noopener noreferrer\">Cookies\u00a0: les outils pour les ma\u00eetriser<\/a>\u2009\u00bb.<\/p>\n<h3>Commentaires &#8211; Politique de confidentialit\u00e9<\/h3>\n<p>Tout d&rsquo;abord, ce site autorise les visiteurs \u00e0 commenter les articles du blog.<br \/>Quand un commentaire est laiss\u00e9 sur ce site Internet, les donn\u00e9es inscrites dans le formulaire de commentaire, mais aussi votre adresse IP et l\u2019agent utilisateur de votre navigateur sont collect\u00e9s pour aider \u00e0 la d\u00e9tection des commentaires ind\u00e9sirables.<\/p>\n<h3>Formulaires Contact et Questionnaires &#8211; Politique de confidentialit\u00e9<\/h3>\n<p>Les informations recueillies (nom, email, messages et informations) sur les formulaires du site sont enregistr\u00e9es dans des fichiers informatis\u00e9s.<br \/>Ils sont uniquement destin\u00e9s \u00e0\u00a0l\u2019usage professionnel de Ang\u00e9lique JAILLON aka Too Cute Design pour\u00a0:<br \/>\u2022 La gestion de demande client\u00e8le depuis les formulaires de \u00ab\u2009demande d\u2019informations\u2009\u00bb sur les pages pr\u00e9sentant les services,<br \/>\u2022 La pr\u00e9paration de cr\u00e9ation de projet depuis le formulaire \u00ab\u2009questionnaire\u2009\u00bb dont le lien est fourni aux clients ayant command\u00e9 les services de Ang\u00e9lique JAILLON.<\/p>\n<h3>Contenu embarqu\u00e9 depuis d\u2019autres sites &#8211; Politique de confidentialit\u00e9<\/h3>\n<p>Les articles de ce site peuvent inclure des contenus int\u00e9gr\u00e9s (par exemple des vid\u00e9os YouTube, plan Google Maps, images, articles\u2026). Le contenu int\u00e9gr\u00e9 depuis d\u2019autres sites se comporte de la m\u00eame mani\u00e8re que si le visiteur se rendait sur cet autre site.<br \/>Ces sites web pourraient collecter des donn\u00e9es sur vous, utiliser des cookies, embarquer des outils de suivis tiers, suivre vos interactions avec ces contenus embarqu\u00e9s si vous disposez d\u2019un compte connect\u00e9 sur leur site web.<\/p>\n<h3>Dur\u00e9e de stockage de vos donn\u00e9es &#8211; Politique de confidentialit\u00e9<\/h3>\n<p>Les donn\u00e9es d\u2019inscription et de formulaires sont conserv\u00e9es pendant 36\u00a0mois conform\u00e9ment au r\u00e8glement du Parlement europ\u00e9en.<br \/>Si vous laissez un commentaire, le commentaire et ses m\u00e9tadonn\u00e9es sont conserv\u00e9s ind\u00e9finiment. Cela permet de reconna\u00eetre et approuver automatiquement les commentaires suivants au lieu de les laisser dans la file de mod\u00e9ration.<\/p>\n<h3>S\u00e9curit\u00e9 des donn\u00e9es &#8211; Politique de confidentialit\u00e9<\/h3>\n<p>Conform\u00e9ment au r\u00e8glement du Parlement europ\u00e9en Article 32 de la s\u00e9curit\u00e9 des donn\u00e9es et aux dispositions de la loi du 1er juillet 1998 transposant la directive 96\/9 du 11 mars 1996 relative \u00e0 la protection juridique des bases de donn\u00e9es, des mesures de s\u00e9curit\u00e9 informatique ont \u00e9t\u00e9 mises en place.<br \/>Le site Internet et la base de donn\u00e9es sont s\u00e9curis\u00e9s par l\u2019h\u00e9bergement OVH.<\/p>\n<h3>Droits sur vos donn\u00e9es personnelles &#8211; Politique de confidentialit\u00e9<\/h3>\n<p>Finalement,<em> p<\/em>our exercer votre droit d\u2019acc\u00e8s, de rectification et de suppression concernant vos donn\u00e9es personnelles, vous pouvez \u00e9crire \u00e0 :<br \/>Courriel\u00a0: ecrire@toocute.fr<br \/>Section du site web\u00a0: <a href=\"https:\/\/www.toocute.fr\/contact\/\">https:\/\/www.toocute.fr\/contact\/<\/a><br \/>Voici l&rsquo;adresse postale : Ang\u00e9lique JAILLON &#8211; 20 bis rue de Claret &#8211; 34070 Montpellier<br \/>Si vous avez laiss\u00e9 des commentaires sur le site, vous pouvez demander \u00e0 recevoir un fichier contenant toutes les donn\u00e9es personnelles que nous poss\u00e9dons \u00e0 votre sujet.<\/p>\n<p>Y comprises celles que vous nous avez fournies.<\/p>\n<p>Vous pouvez \u00e9galement demander la suppression des donn\u00e9es personnelles vous concernant. Cela ne prend pas en compte les donn\u00e9es stock\u00e9es \u00e0 des fins administratives, l\u00e9gales ou pour des raisons de s\u00e9curit\u00e9.<br \/>En cons\u00e9quence,<em> e<\/em>n France, les donn\u00e9es personnelles sont prot\u00e9g\u00e9es par la loi n\u00b0 78-87 du 6 janvier 1978, la loi n\u00b0 2004-801 du 6 ao\u00fbt 2004, l\u2019article L. 226-13 du Code p\u00e9nal et la Directive Europ\u00e9enne du 24 octobre 1995. Vous disposez ainsi d\u2019un droit d\u2019acc\u00e8s, de rectification, de suppression et d\u2019opposition aux donn\u00e9es personnelles le concernant (conform\u00e9ment \u00e0 la Loi Informatique et Libert\u00e9s aux dispositions des articles 38 et suivants de la loi 78-17 du 6 janvier 1978 relative \u00e0 l\u2019informatique, aux fichiers et aux libert\u00e9s).<\/p>\n<p>[\/et_pb_text][\/et_pb_column][\/et_pb_row][\/et_pb_section][et_pb_section fb_built=\u00a0\u00bb1&Prime; admin_label=\u00a0\u00bbLatest Work Section\u00a0\u00bb _builder_version=\u00a0\u00bb4.16&Prime; background_color=\u00a0\u00bbrgba(0,0,0,0)\u00a0\u00bb custom_padding=\u00a0\u00bb20px||20px||false|false\u00a0\u00bb global_colors_info=\u00a0\u00bb{}\u00a0\u00bb][et_pb_row _builder_version=\u00a0\u00bb4.16&Prime; background_size=\u00a0\u00bbinitial\u00a0\u00bb background_position=\u00a0\u00bbtop_left\u00a0\u00bb background_repeat=\u00a0\u00bbrepeat\u00a0\u00bb global_colors_info=\u00a0\u00bb{}\u00a0\u00bb][et_pb_column type=\u00a0\u00bb4_4&Prime; _builder_version=\u00a0\u00bb4.16&Prime; custom_padding=\u00a0\u00bb|||\u00a0\u00bb global_colors_info=\u00a0\u00bb{}\u00a0\u00bb custom_padding__hover=\u00a0\u00bb|||\u00a0\u00bb][et_pb_button button_url=\u00a0\u00bbhttps:\/\/www.toocute.fr\u00a0\u00bb button_text=\u00a0\u00bbRETOURNER \u00c0 LA PAGE D&rsquo;ACCUEIL\u00a0\u00bb button_alignment=\u00a0\u00bbcenter\u00a0\u00bb _builder_version=\u00a0\u00bb4.25.2&Prime; custom_button=\u00a0\u00bbon\u00a0\u00bb button_text_size=\u00a0\u00bb15px\u00a0\u00bb button_text_color=\u00a0\u00bb#333333&Prime; button_border_width=\u00a0\u00bb1px\u00a0\u00bb button_border_color=\u00a0\u00bb#333333&Prime; button_border_radius=\u00a0\u00bb0px\u00a0\u00bb button_letter_spacing=\u00a0\u00bb2px\u00a0\u00bb button_font=\u00a0\u00bbWork Sans|||on|||||\u00a0\u00bb button_use_icon=\u00a0\u00bboff\u00a0\u00bb animation_style=\u00a0\u00bbflip\u00a0\u00bb animation_direction=\u00a0\u00bbright\u00a0\u00bb animation_intensity_flip=\u00a0\u00bb20%\u00a0\u00bb button_text_color_hover=\u00a0\u00bb#747d88&Prime; button_border_color_hover=\u00a0\u00bb#747d88&Prime; button_letter_spacing_hover=\u00a0\u00bb2px\u00a0\u00bb button_bg_color_hover=\u00a0\u00bbrgba(0,0,0,0)\u00a0\u00bb global_colors_info=\u00a0\u00bb{}\u00a0\u00bb button_text_size__hover_enabled=\u00a0\u00bboff\u00a0\u00bb button_one_text_size__hover_enabled=\u00a0\u00bboff\u00a0\u00bb button_two_text_size__hover_enabled=\u00a0\u00bboff\u00a0\u00bb button_text_color__hover_enabled=\u00a0\u00bbon|hover\u00a0\u00bb button_text_color__hover=\u00a0\u00bb#be796d\u00a0\u00bb button_one_text_color__hover_enabled=\u00a0\u00bboff\u00a0\u00bb button_two_text_color__hover_enabled=\u00a0\u00bboff\u00a0\u00bb button_border_width__hover_enabled=\u00a0\u00bboff\u00a0\u00bb button_one_border_width__hover_enabled=\u00a0\u00bboff\u00a0\u00bb button_two_border_width__hover_enabled=\u00a0\u00bboff\u00a0\u00bb button_border_color__hover_enabled=\u00a0\u00bbon\u00a0\u00bb button_border_color__hover=\u00a0\u00bb#be796d\u00a0\u00bb button_one_border_color__hover_enabled=\u00a0\u00bboff\u00a0\u00bb button_two_border_color__hover_enabled=\u00a0\u00bboff\u00a0\u00bb button_border_radius__hover_enabled=\u00a0\u00bboff\u00a0\u00bb button_one_border_radius__hover_enabled=\u00a0\u00bboff\u00a0\u00bb button_two_border_radius__hover_enabled=\u00a0\u00bboff\u00a0\u00bb button_letter_spacing__hover_enabled=\u00a0\u00bbon\u00a0\u00bb button_letter_spacing__hover=\u00a0\u00bb2px\u00a0\u00bb button_one_letter_spacing__hover_enabled=\u00a0\u00bboff\u00a0\u00bb button_two_letter_spacing__hover_enabled=\u00a0\u00bboff\u00a0\u00bb button_bg_color__hover_enabled=\u00a0\u00bbon\u00a0\u00bb button_bg_color__hover=\u00a0\u00bbrgba(0,0,0,0)\u00a0\u00bb button_one_bg_color__hover_enabled=\u00a0\u00bboff\u00a0\u00bb button_two_bg_color__hover_enabled=\u00a0\u00bboff\u00a0\u00bb][\/et_pb_button][\/et_pb_column][\/et_pb_row][\/et_pb_section]<\/p>\n","protected":false},"excerpt":{"rendered":"<p>&nbsp; &nbsp; Je vous propose de consulter notre politique de confidentialit\u00e9 et utilisation des donn\u00e9es personnelles en vigueur depuis le 25 mai 2018. Cookies &#8211; Politique de confidentialit\u00e9 Pour commencer, l\u2019utilisateur est inform\u00e9 que lors de ses visites sur ce site Internet, un ou des cookies sont susceptibles de s\u2019installer automatiquement sur son ordinateur.Un cookie [&hellip;]<\/p>\n","protected":false},"author":1,"featured_media":0,"parent":0,"menu_order":14,"comment_status":"closed","ping_status":"closed","template":"","meta":{"_et_pb_use_builder":"on","_et_pb_old_content":"<!-- wp:tadv\/classic-paragraph \/-->","_et_gb_content_width":"","footnotes":""},"class_list":["post-2726","page","type-page","status-publish","hentry"],"yoast_head":"<!-- This site is optimized with the Yoast SEO plugin v27.1.1 - https:\/\/yoast.com\/product\/yoast-seo-wordpress\/ -->\n<title>Politique de confidentialit\u00e9 - Ang\u00e9lique Jaillon<\/title>\n<meta name=\"description\" content=\"La politique de confidentialit\u00e9 expose mes engagements sur le traitement des donn\u00e9es personnelles des utilisateurs. Elle aide \u00e0 comprendre quels renseignements sont collect\u00e9s, pourquoi, comment les mettre \u00e0 jour, les g\u00e9rer, les exporter et les supprimer.\" \/>\n<meta name=\"robots\" content=\"index, follow, max-snippet:-1, max-image-preview:large, max-video-preview:-1\" \/>\n<link rel=\"canonical\" href=\"https:\/\/www.toocute.fr\/index.php\/politique-de-confidentialite-2\/\" \/>\n<meta property=\"og:locale\" content=\"fr_FR\" \/>\n<meta property=\"og:type\" content=\"article\" \/>\n<meta property=\"og:title\" content=\"Politique de confidentialit\u00e9 - Ang\u00e9lique Jaillon\" \/>\n<meta property=\"og:description\" content=\"La politique de confidentialit\u00e9 expose mes engagements sur le traitement des donn\u00e9es personnelles des utilisateurs. Elle aide \u00e0 comprendre quels renseignements sont collect\u00e9s, pourquoi, comment les mettre \u00e0 jour, les g\u00e9rer, les exporter et les supprimer.\" \/>\n<meta property=\"og:url\" content=\"https:\/\/www.toocute.fr\/index.php\/politique-de-confidentialite-2\/\" \/>\n<meta property=\"og:site_name\" content=\"Ang\u00e9lique JAILLON, Designer graphique \u270d\ud83c\udffb | UX\/UI \ud83e\udde0 | Intervenante design \ud83d\udc69\ud83c\udffb\u200d\ud83d\udcbb | P\u00e9dagogie\" \/>\n<meta property=\"article:modified_time\" content=\"2025-07-10T12:21:26+00:00\" \/>\n<meta property=\"og:image\" content=\"https:\/\/www.toocute.fr\/wp-content\/uploads\/2025\/07\/direction-artistique-tamboor-couches-angelique-jaillon-2-scaled.jpg\" \/>\n\t<meta property=\"og:image:width\" content=\"2560\" \/>\n\t<meta property=\"og:image:height\" content=\"1704\" \/>\n\t<meta property=\"og:image:type\" content=\"image\/jpeg\" \/>\n<meta name=\"twitter:card\" content=\"summary_large_image\" \/>\n<meta name=\"twitter:label1\" content=\"Dur\u00e9e de lecture estim\u00e9e\" \/>\n\t<meta name=\"twitter:data1\" content=\"4 minutes\" \/>\n<script type=\"application\/ld+json\" class=\"yoast-schema-graph\">{\"@context\":\"https:\/\/schema.org\",\"@graph\":[{\"@type\":\"WebPage\",\"@id\":\"https:\/\/www.toocute.fr\/index.php\/politique-de-confidentialite-2\/\",\"url\":\"https:\/\/www.toocute.fr\/index.php\/politique-de-confidentialite-2\/\",\"name\":\"Politique de confidentialit\u00e9 - Ang\u00e9lique Jaillon\",\"isPartOf\":{\"@id\":\"https:\/\/www.toocute.fr\/#website\"},\"datePublished\":\"2020-11-24T11:32:27+00:00\",\"dateModified\":\"2025-07-10T12:21:26+00:00\",\"description\":\"La politique de confidentialit\u00e9 expose mes engagements sur le traitement des donn\u00e9es personnelles des utilisateurs. Elle aide \u00e0 comprendre quels renseignements sont collect\u00e9s, pourquoi, comment les mettre \u00e0 jour, les g\u00e9rer, les exporter et les supprimer.\",\"breadcrumb\":{\"@id\":\"https:\/\/www.toocute.fr\/index.php\/politique-de-confidentialite-2\/#breadcrumb\"},\"inLanguage\":\"fr-FR\",\"potentialAction\":[{\"@type\":\"ReadAction\",\"target\":[\"https:\/\/www.toocute.fr\/index.php\/politique-de-confidentialite-2\/\"]}]},{\"@type\":\"BreadcrumbList\",\"@id\":\"https:\/\/www.toocute.fr\/index.php\/politique-de-confidentialite-2\/#breadcrumb\",\"itemListElement\":[{\"@type\":\"ListItem\",\"position\":1,\"name\":\"Accueil\",\"item\":\"https:\/\/www.toocute.fr\/\"},{\"@type\":\"ListItem\",\"position\":2,\"name\":\"Politique de confidentialit\u00e9\"}]},{\"@type\":\"WebSite\",\"@id\":\"https:\/\/www.toocute.fr\/#website\",\"url\":\"https:\/\/www.toocute.fr\/\",\"name\":\"Ang\u00e9lique JAILLON, Designer graphique \u270d\ud83c\udffb | UX\/UI \ud83e\udde0 | Intervenante design \ud83d\udc69\ud83c\udffb\u200d\ud83d\udcbb | P\u00e9dagogie\",\"description\":\"Je d\u00e9busque des solutions cr\u00e9atives pour vos projets !\",\"publisher\":{\"@id\":\"https:\/\/www.toocute.fr\/#organization\"},\"alternateName\":\"Designer graphique & UX UI Designer \u00e0 Montpellier\",\"potentialAction\":[{\"@type\":\"SearchAction\",\"target\":{\"@type\":\"EntryPoint\",\"urlTemplate\":\"https:\/\/www.toocute.fr\/?s={search_term_string}\"},\"query-input\":{\"@type\":\"PropertyValueSpecification\",\"valueRequired\":true,\"valueName\":\"search_term_string\"}}],\"inLanguage\":\"fr-FR\"},{\"@type\":\"Organization\",\"@id\":\"https:\/\/www.toocute.fr\/#organization\",\"name\":\"Ang\u00e9lique JAILLON, Designer graphique \u270d\ud83c\udffb | UX\/UI \ud83e\udde0 | Intervenante design \ud83d\udc69\ud83c\udffb\u200d\ud83d\udcbb | P\u00e9dagogie\",\"url\":\"https:\/\/www.toocute.fr\/\",\"logo\":{\"@type\":\"ImageObject\",\"inLanguage\":\"fr-FR\",\"@id\":\"https:\/\/www.toocute.fr\/#\/schema\/logo\/image\/\",\"url\":\"https:\/\/www.toocute.fr\/wp-content\/uploads\/2025\/06\/too-cute-logo-bleu-gris.svg\",\"contentUrl\":\"https:\/\/www.toocute.fr\/wp-content\/uploads\/2025\/06\/too-cute-logo-bleu-gris.svg\",\"width\":1,\"height\":1,\"caption\":\"Ang\u00e9lique JAILLON, Designer graphique \u270d\ud83c\udffb | UX\/UI \ud83e\udde0 | Intervenante design \ud83d\udc69\ud83c\udffb\u200d\ud83d\udcbb | P\u00e9dagogie\"},\"image\":{\"@id\":\"https:\/\/www.toocute.fr\/#\/schema\/logo\/image\/\"},\"sameAs\":[\"https:\/\/www.instagram.com\/toocutedesign\/\",\"https:\/\/www.linkedin.com\/in\/angeliquejaillon\/\",\"https:\/\/fr.pinterest.com\/toocute\/_boards\/\"]}]}<\/script>\n<!-- \/ Yoast SEO plugin. -->","yoast_head_json":{"title":"Politique de confidentialit\u00e9 - Ang\u00e9lique Jaillon","description":"La politique de confidentialit\u00e9 expose mes engagements sur le traitement des donn\u00e9es personnelles des utilisateurs. Elle aide \u00e0 comprendre quels renseignements sont collect\u00e9s, pourquoi, comment les mettre \u00e0 jour, les g\u00e9rer, les exporter et les supprimer.","robots":{"index":"index","follow":"follow","max-snippet":"max-snippet:-1","max-image-preview":"max-image-preview:large","max-video-preview":"max-video-preview:-1"},"canonical":"https:\/\/www.toocute.fr\/index.php\/politique-de-confidentialite-2\/","og_locale":"fr_FR","og_type":"article","og_title":"Politique de confidentialit\u00e9 - Ang\u00e9lique Jaillon","og_description":"La politique de confidentialit\u00e9 expose mes engagements sur le traitement des donn\u00e9es personnelles des utilisateurs. Elle aide \u00e0 comprendre quels renseignements sont collect\u00e9s, pourquoi, comment les mettre \u00e0 jour, les g\u00e9rer, les exporter et les supprimer.","og_url":"https:\/\/www.toocute.fr\/index.php\/politique-de-confidentialite-2\/","og_site_name":"Ang\u00e9lique JAILLON, Designer graphique \u270d\ud83c\udffb | UX\/UI \ud83e\udde0 | Intervenante design \ud83d\udc69\ud83c\udffb\u200d\ud83d\udcbb | P\u00e9dagogie","article_modified_time":"2025-07-10T12:21:26+00:00","og_image":[{"width":2560,"height":1704,"url":"https:\/\/www.toocute.fr\/wp-content\/uploads\/2025\/07\/direction-artistique-tamboor-couches-angelique-jaillon-2-scaled.jpg","type":"image\/jpeg"}],"twitter_card":"summary_large_image","twitter_misc":{"Dur\u00e9e de lecture estim\u00e9e":"4 minutes"},"schema":{"@context":"https:\/\/schema.org","@graph":[{"@type":"WebPage","@id":"https:\/\/www.toocute.fr\/index.php\/politique-de-confidentialite-2\/","url":"https:\/\/www.toocute.fr\/index.php\/politique-de-confidentialite-2\/","name":"Politique de confidentialit\u00e9 - Ang\u00e9lique Jaillon","isPartOf":{"@id":"https:\/\/www.toocute.fr\/#website"},"datePublished":"2020-11-24T11:32:27+00:00","dateModified":"2025-07-10T12:21:26+00:00","description":"La politique de confidentialit\u00e9 expose mes engagements sur le traitement des donn\u00e9es personnelles des utilisateurs. Elle aide \u00e0 comprendre quels renseignements sont collect\u00e9s, pourquoi, comment les mettre \u00e0 jour, les g\u00e9rer, les exporter et les supprimer.","breadcrumb":{"@id":"https:\/\/www.toocute.fr\/index.php\/politique-de-confidentialite-2\/#breadcrumb"},"inLanguage":"fr-FR","potentialAction":[{"@type":"ReadAction","target":["https:\/\/www.toocute.fr\/index.php\/politique-de-confidentialite-2\/"]}]},{"@type":"BreadcrumbList","@id":"https:\/\/www.toocute.fr\/index.php\/politique-de-confidentialite-2\/#breadcrumb","itemListElement":[{"@type":"ListItem","position":1,"name":"Accueil","item":"https:\/\/www.toocute.fr\/"},{"@type":"ListItem","position":2,"name":"Politique de confidentialit\u00e9"}]},{"@type":"WebSite","@id":"https:\/\/www.toocute.fr\/#website","url":"https:\/\/www.toocute.fr\/","name":"Ang\u00e9lique JAILLON, Designer graphique \u270d\ud83c\udffb | UX\/UI \ud83e\udde0 | Intervenante design \ud83d\udc69\ud83c\udffb\u200d\ud83d\udcbb | P\u00e9dagogie","description":"Je d\u00e9busque des solutions cr\u00e9atives pour vos projets !","publisher":{"@id":"https:\/\/www.toocute.fr\/#organization"},"alternateName":"Designer graphique & UX UI Designer \u00e0 Montpellier","potentialAction":[{"@type":"SearchAction","target":{"@type":"EntryPoint","urlTemplate":"https:\/\/www.toocute.fr\/?s={search_term_string}"},"query-input":{"@type":"PropertyValueSpecification","valueRequired":true,"valueName":"search_term_string"}}],"inLanguage":"fr-FR"},{"@type":"Organization","@id":"https:\/\/www.toocute.fr\/#organization","name":"Ang\u00e9lique JAILLON, Designer graphique \u270d\ud83c\udffb | UX\/UI \ud83e\udde0 | Intervenante design \ud83d\udc69\ud83c\udffb\u200d\ud83d\udcbb | P\u00e9dagogie","url":"https:\/\/www.toocute.fr\/","logo":{"@type":"ImageObject","inLanguage":"fr-FR","@id":"https:\/\/www.toocute.fr\/#\/schema\/logo\/image\/","url":"https:\/\/www.toocute.fr\/wp-content\/uploads\/2025\/06\/too-cute-logo-bleu-gris.svg","contentUrl":"https:\/\/www.toocute.fr\/wp-content\/uploads\/2025\/06\/too-cute-logo-bleu-gris.svg","width":1,"height":1,"caption":"Ang\u00e9lique JAILLON, Designer graphique \u270d\ud83c\udffb | UX\/UI \ud83e\udde0 | Intervenante design \ud83d\udc69\ud83c\udffb\u200d\ud83d\udcbb | P\u00e9dagogie"},"image":{"@id":"https:\/\/www.toocute.fr\/#\/schema\/logo\/image\/"},"sameAs":["https:\/\/www.instagram.com\/toocutedesign\/","https:\/\/www.linkedin.com\/in\/angeliquejaillon\/","https:\/\/fr.pinterest.com\/toocute\/_boards\/"]}]}},"_links":{"self":[{"href":"https:\/\/www.toocute.fr\/index.php\/wp-json\/wp\/v2\/pages\/2726","targetHints":{"allow":["GET"]}}],"collection":[{"href":"https:\/\/www.toocute.fr\/index.php\/wp-json\/wp\/v2\/pages"}],"about":[{"href":"https:\/\/www.toocute.fr\/index.php\/wp-json\/wp\/v2\/types\/page"}],"author":[{"embeddable":true,"href":"https:\/\/www.toocute.fr\/index.php\/wp-json\/wp\/v2\/users\/1"}],"replies":[{"embeddable":true,"href":"https:\/\/www.toocute.fr\/index.php\/wp-json\/wp\/v2\/comments?post=2726"}],"version-history":[{"count":1,"href":"https:\/\/www.toocute.fr\/index.php\/wp-json\/wp\/v2\/pages\/2726\/revisions"}],"predecessor-version":[{"id":4533,"href":"https:\/\/www.toocute.fr\/index.php\/wp-json\/wp\/v2\/pages\/2726\/revisions\/4533"}],"wp:attachment":[{"href":"https:\/\/www.toocute.fr\/index.php\/wp-json\/wp\/v2\/media?parent=2726"}],"curies":[{"name":"wp","href":"https:\/\/api.w.org\/{rel}","templated":true}]}}