{"id":4721,"date":"2025-07-30T16:18:35","date_gmt":"2025-07-30T14:18:35","guid":{"rendered":"https:\/\/www.toocute.fr\/?page_id=4721"},"modified":"2025-07-31T11:53:41","modified_gmt":"2025-07-31T09:53:41","slug":"faq","status":"publish","type":"page","link":"https:\/\/www.toocute.fr\/index.php\/faq\/","title":{"rendered":"FAQ"},"content":{"rendered":"<p>[et_pb_section fb_built=\u00a0\u00bb1&Prime; fullwidth=\u00a0\u00bbon\u00a0\u00bb _builder_version=\u00a0\u00bb4.16&Prime; _module_preset=\u00a0\u00bbdefault\u00a0\u00bb module_alignment=\u00a0\u00bbcenter\u00a0\u00bb global_colors_info=\u00a0\u00bb{}\u00a0\u00bb][et_pb_fullwidth_post_title meta=\u00a0\u00bboff\u00a0\u00bb _builder_version=\u00a0\u00bb4.16&Prime; _module_preset=\u00a0\u00bbdefault\u00a0\u00bb title_font=\u00a0\u00bbWork Sans|||on|||||\u00a0\u00bb title_text_align=\u00a0\u00bbcenter\u00a0\u00bb title_font_size=\u00a0\u00bb33px\u00a0\u00bb text_orientation=\u00a0\u00bbcenter\u00a0\u00bb global_colors_info=\u00a0\u00bb{}\u00a0\u00bb][\/et_pb_fullwidth_post_title][\/et_pb_section][et_pb_section fb_built=\u00a0\u00bb1&Prime; admin_label=\u00a0\u00bbsection\u00a0\u00bb _builder_version=\u00a0\u00bb4.16&Prime; global_colors_info=\u00a0\u00bb{}\u00a0\u00bb][et_pb_row admin_label=\u00a0\u00bbrow\u00a0\u00bb _builder_version=\u00a0\u00bb4.16&Prime; background_size=\u00a0\u00bbinitial\u00a0\u00bb background_position=\u00a0\u00bbtop_left\u00a0\u00bb background_repeat=\u00a0\u00bbrepeat\u00a0\u00bb custom_padding=\u00a0\u00bb27px|||||\u00a0\u00bb global_colors_info=\u00a0\u00bb{}\u00a0\u00bb][et_pb_column type=\u00a0\u00bb4_4&Prime; _builder_version=\u00a0\u00bb4.16&Prime; custom_padding=\u00a0\u00bb|||\u00a0\u00bb global_colors_info=\u00a0\u00bb{}\u00a0\u00bb custom_padding__hover=\u00a0\u00bb|||\u00a0\u00bb][et_pb_text _builder_version=\u00a0\u00bb4.27.4&Prime; _module_preset=\u00a0\u00bbdefault\u00a0\u00bb text_font=\u00a0\u00bbWork Sans|300|||||||\u00a0\u00bb text_text_color=\u00a0\u00bb#333333&Prime; text_font_size=\u00a0\u00bb16px\u00a0\u00bb text_line_height=\u00a0\u00bb1.9em\u00a0\u00bb header_font_size=\u00a0\u00bb43px\u00a0\u00bb header_2_font_size=\u00a0\u00bb35px\u00a0\u00bb header_2_line_height=\u00a0\u00bb1.3em\u00a0\u00bb header_3_font_size=\u00a0\u00bb27px\u00a0\u00bb header_4_font=\u00a0\u00bb|300||on|||||\u00a0\u00bb background_size=\u00a0\u00bbinitial\u00a0\u00bb background_position=\u00a0\u00bbtop_left\u00a0\u00bb background_repeat=\u00a0\u00bbrepeat\u00a0\u00bb max_width=\u00a0\u00bb800px\u00a0\u00bb module_alignment=\u00a0\u00bbcenter\u00a0\u00bb animation_style=\u00a0\u00bbslide\u00a0\u00bb animation_direction=\u00a0\u00bbbottom\u00a0\u00bb animation_intensity_slide=\u00a0\u00bb4%\u00a0\u00bb hover_enabled=\u00a0\u00bb0&Prime; global_colors_info=\u00a0\u00bb{}\u00a0\u00bb sticky_enabled=\u00a0\u00bb0&Prime; header_line_height=\u00a0\u00bb1.7em\u00a0\u00bb header_4_line_height=\u00a0\u00bb1.7em\u00a0\u00bb header_4_text_align=\u00a0\u00bbleft\u00a0\u00bb]<\/p>\n<h1>En g\u00e9n\u00e9ral<\/h1>\n<h4>Quelle est mon exp\u00e9rience en design graphique et digital ?<\/h4>\n<p>Je suis <strong>graphiste freelance \u00e0 Montpellier<\/strong> depuis plus de 15 ans. J\u2019ai accompagn\u00e9 de nombreuses structures dans des secteurs vari\u00e9s : <strong>institutions culturelles, entreprises locales, cabinets d\u2019avocats, start-ups, associations\u2026<\/strong> Mon expertise couvre \u00e0 la fois le <strong>design graphique, le webdesign UX\/UI, l\u2019identit\u00e9 visuelle (branding) et la direction artistique<\/strong>.<\/p>\n<h4>Quels sont mes tarifs ?<\/h4>\n<p>Mon tarif journalier est de 500 \u20ac TTC. Je propose aussi des formules site vitrine administrable au forfait.<\/p>\n<h4>Je travaille uniquement sur Montpellier ?<\/h4>\n<p>Je suis bas\u00e9e \u00e0 <strong>Montpellier<\/strong>, mais je collabore avec des clients<strong> partout en France<\/strong>. Pour les projets, je peux me d\u00e9placer en rendez-vous.<\/p>\n<h4>Quelles sont mes sp\u00e9cialit\u00e9s ?<\/h4>\n<p>Je suis \u00e0 la fois <strong>designer graphique et designer UX\/UI.<\/strong><br \/>J\u2019accompagne mes clients dans la cr\u00e9ation de supports de communication visuelle (<strong>logo, identit\u00e9 visuelle, affiches, brochures, cartes de visite, campagnes print &amp; digitales<\/strong>), mais aussi dans la conception d\u2019interfaces web : <strong>sites, logiciels professionnels ou applications.<\/strong><\/p>\n<p>En parall\u00e8le, j\u2019enseigne le design graphique et l\u2019UX\/UI dans des \u00e9coles publiques ou priv\u00e9es post bac. J\u2019interviens aussi comme coordinatrice de fili\u00e8re, avec un r\u00f4le d&rsquo;accompagnement p\u00e9dagogique, de suivi des projets \u00e9tudiants et d&rsquo;encadrement des intervenants.<\/p>\n<h4>Quelle est mon exp\u00e9rience dans les secteurs culturels, juridiques, associatifs ?<\/h4>\n<p>J\u2019ai travaill\u00e9 avec des <strong>institutions, des associations, des petites et grandes entreprises, des professionnels du secteur lib\u00e9ral.<\/strong>.. J\u2019adapte toujours ma m\u00e9thodologie au contexte et au public cible.<\/p>\n<h4>Qu\u2019est-ce qu\u2019un prototype Figma ?<\/h4>\n<p>C\u2019est une <strong>simulation interactive d\u2019un site ou d\u2019une application<\/strong>. Il permet de tester les parcours utilisateurs avant d\u2019entamer le d\u00e9veloppement. C&rsquo;est un outil id\u00e9al pour valider vos choix strat\u00e9giques.<\/p>\n<h4>Mon futur site sera-t-il administrable ?<\/h4>\n<p>Oui. Mes sites sont con\u00e7us pour \u00eatre administrables facilement, parfois m\u00eame directement depuis le front-end (interface visible du site). Cela vous permet de <strong>modifier vos contenus de mani\u00e8re autonome<\/strong> et sans connaissances techniques particuli\u00e8res.<\/p>\n<h1 data-pm-slice=\"1 1 []\"><span><\/span><\/h1>\n<h1 data-pm-slice=\"1 1 []\"><span>Pour les entreprises<\/span><\/h1>\n<h4>Quels sont les livrables fournis \u00e0 l\u2019issue d\u2019un projet UX\/UI ?<\/h4>\n<p>Je fournis des <strong>livrables clairs<\/strong> et adapt\u00e9s \u00e0 vos besoins : <strong>rapport d&rsquo;audit, zonings, wireframes interactifs, prototypes haute fid\u00e9lit\u00e9 sous Figma, UI kit<\/strong>. Chaque livrable est accompagn\u00e9 de documents explicatifs pour faciliter la transmission ou l\u2019int\u00e9gration.<\/p>\n<h4>Je travaille avec des \u00e9quipes internes (d\u00e9veloppeurs, marketing, communication) ?<\/h4>\n<p>Oui, j\u2019ai l\u2019habitude de collaborer avec des <strong>\u00e9quipes pluridisciplinaires.\u00a0<\/strong><\/p>\n<h4>Quelle est la diff\u00e9rence entre UX design et UI design ?<\/h4>\n<p>L\u2019<strong>UX (User Experience<\/strong>) concerne la structure et les parcours utilisateurs. L\u2019<strong>UI (User Interface) concerne l&rsquo;aspect visuel des \u00e9crans<\/strong>. Les deux disciplines sont li\u00e9es et indispensables \u00e0 une exp\u00e9rience digitale optimale et diff\u00e9renciante.<\/p>\n<h4>\u00c0 quoi sert une direction artistique ?<\/h4>\n<p>Elle garantit la <strong>coh\u00e9rence visuelle, renforce l&rsquo;identit\u00e9 de marque et facilite la lecture<\/strong>. C&rsquo;est aussi un levier pour capter l&rsquo;attention et diffuser une image professionnelle.<\/p>\n<h1>Pour les d\u00e9veloppeurs<\/h1>\n<h4>Je fournis des fichiers Figma optimis\u00e9s pour l\u2019int\u00e9gration ?<\/h4>\n<p>Oui. Mes fichiers sont structur\u00e9s avec l\u2019<strong>auto-layout, des composants, variantes et styles globaux<\/strong>. Je peux aussi fournir des annotations ou utiliser des plugins facilitant l\u2019int\u00e9gration.<\/p>\n<h4>Je travaille avec des composants ?<\/h4>\n<p>Je con\u00e7ois des <strong>composants<\/strong> r\u00e9utilisables pour rationaliser l\u2019int\u00e9gration.<\/p>\n<h4>Je propose des PROJETS \u00e9co-con\u00e7us ?<\/h4>\n<p>Oui. J\u2019int\u00e8gre les principes de l\u2019\u00e9co-conception web dans mes projets : <strong>sobri\u00e9t\u00e9 des interfaces, optimisation des performances (poids des pages, chargement diff\u00e9r\u00e9\u2026)<\/strong>, choix techniques limitant l\u2019impact environnemental. Cela permet de cr\u00e9er des sites plus l\u00e9gers, durables et performants. \u00c0 la demande de mes clients, je peux aussi aller plus loin et pr\u00e9coniser des solutions durables et qui minimiseront l&rsquo;impact environnemental.<\/p>\n<h4>Vos propositions sont-elles accessibles ?<\/h4>\n<p>L\u2019accessibilit\u00e9 num\u00e9rique est un enjeu soci\u00e9tal. J\u2019applique les <strong>bonnes pratiques (contrastes, navigation clavier\u2026)<\/strong> pour que vos contenus soient consultables par tous. Je peux aussi r\u00e9aliser des audits de conformit\u00e9 aux normes WCAG.<\/p>\n<h4>Je fournis un UI Kit ou un Design System ?<\/h4>\n<p>Oui. En fonction des besoins et de la taille de votre projet, je peux concevoir un <strong>UI Kit complet<\/strong> (typos, couleurs, composants, ic\u00f4nes, styles de boutons, formulaires, etc.) ou un <strong>Design System simplifi\u00e9<\/strong> pour garantir la coh\u00e9rence graphique sur toutes les pages.<br \/>Ces outils facilitent la prise en main par les d\u00e9veloppeurs, assurent une \u00e9volution fluide du projet dans le temps.<\/p>\n<h4>\u00a0Quelle est MA m\u00e9thodologie de travail avec les d\u00e9veloppeurs ?<\/h4>\n<p>Je pr\u00e9vois des <strong>points d&rsquo;\u00e9change pour valider la faisabilit\u00e9<\/strong>, j&rsquo;anticipe les contraintes techniques et je reste disponible pour les ajustements. Mon objectif est de cr\u00e9er un dialogue constructif et fluide.<\/p>\n<p>&nbsp;<\/p>\n<p>[\/et_pb_text][\/et_pb_column][\/et_pb_row][\/et_pb_section]<\/p>\n","protected":false},"excerpt":{"rendered":"<p>En g\u00e9n\u00e9ral Quelle est mon exp\u00e9rience en design graphique et digital ? Je suis graphiste freelance \u00e0 Montpellier depuis plus de 15 ans. J\u2019ai accompagn\u00e9 de nombreuses structures dans des secteurs vari\u00e9s : institutions culturelles, entreprises locales, cabinets d\u2019avocats, start-ups, associations\u2026 Mon expertise couvre \u00e0 la fois le design graphique, le webdesign UX\/UI, l\u2019identit\u00e9 visuelle [&hellip;]<\/p>\n","protected":false},"author":1,"featured_media":0,"parent":0,"menu_order":0,"comment_status":"closed","ping_status":"closed","template":"","meta":{"_et_pb_use_builder":"on","_et_pb_old_content":"","_et_gb_content_width":"","footnotes":""},"class_list":["post-4721","page","type-page","status-publish","hentry"],"yoast_head":"<!-- This site is optimized with the Yoast SEO plugin v27.1.1 - https:\/\/yoast.com\/product\/yoast-seo-wordpress\/ -->\n<title>FAQ - Ang\u00e9lique JAILLON, Designer graphique \u270d\ud83c\udffb | UX\/UI \ud83e\udde0 | Intervenante design \ud83d\udc69\ud83c\udffb\u200d\ud83d\udcbb | P\u00e9dagogie<\/title>\n<meta name=\"robots\" content=\"index, follow, max-snippet:-1, max-image-preview:large, max-video-preview:-1\" \/>\n<link rel=\"canonical\" href=\"https:\/\/www.toocute.fr\/index.php\/faq\/\" \/>\n<meta property=\"og:locale\" content=\"fr_FR\" \/>\n<meta property=\"og:type\" content=\"article\" \/>\n<meta property=\"og:title\" content=\"FAQ - Ang\u00e9lique JAILLON, Designer graphique \u270d\ud83c\udffb | UX\/UI \ud83e\udde0 | Intervenante design \ud83d\udc69\ud83c\udffb\u200d\ud83d\udcbb | P\u00e9dagogie\" \/>\n<meta property=\"og:description\" content=\"En g\u00e9n\u00e9ral Quelle est mon exp\u00e9rience en design graphique et digital ? Je suis graphiste freelance \u00e0 Montpellier depuis plus de 15 ans. J\u2019ai accompagn\u00e9 de nombreuses structures dans des secteurs vari\u00e9s : institutions culturelles, entreprises locales, cabinets d\u2019avocats, start-ups, associations\u2026 Mon expertise couvre \u00e0 la fois le design graphique, le webdesign UX\/UI, l\u2019identit\u00e9 visuelle [&hellip;]\" \/>\n<meta property=\"og:url\" content=\"https:\/\/www.toocute.fr\/index.php\/faq\/\" \/>\n<meta property=\"og:site_name\" content=\"Ang\u00e9lique JAILLON, Designer graphique \u270d\ud83c\udffb | UX\/UI \ud83e\udde0 | Intervenante design \ud83d\udc69\ud83c\udffb\u200d\ud83d\udcbb | P\u00e9dagogie\" \/>\n<meta property=\"article:modified_time\" content=\"2025-07-31T09:53:41+00:00\" \/>\n<meta property=\"og:image\" content=\"https:\/\/www.toocute.fr\/wp-content\/uploads\/2025\/07\/direction-artistique-tamboor-couches-angelique-jaillon-2-scaled.jpg\" \/>\n\t<meta property=\"og:image:width\" content=\"2560\" \/>\n\t<meta property=\"og:image:height\" content=\"1704\" \/>\n\t<meta property=\"og:image:type\" content=\"image\/jpeg\" \/>\n<meta name=\"twitter:card\" content=\"summary_large_image\" \/>\n<meta name=\"twitter:label1\" content=\"Dur\u00e9e de lecture estim\u00e9e\" \/>\n\t<meta name=\"twitter:data1\" content=\"5 minutes\" \/>\n<script type=\"application\/ld+json\" class=\"yoast-schema-graph\">{\"@context\":\"https:\/\/schema.org\",\"@graph\":[{\"@type\":\"WebPage\",\"@id\":\"https:\/\/www.toocute.fr\/index.php\/faq\/\",\"url\":\"https:\/\/www.toocute.fr\/index.php\/faq\/\",\"name\":\"FAQ - Ang\u00e9lique JAILLON, Designer graphique \u270d\ud83c\udffb | UX\/UI \ud83e\udde0 | Intervenante design \ud83d\udc69\ud83c\udffb\u200d\ud83d\udcbb | P\u00e9dagogie\",\"isPartOf\":{\"@id\":\"https:\/\/www.toocute.fr\/#website\"},\"datePublished\":\"2025-07-30T14:18:35+00:00\",\"dateModified\":\"2025-07-31T09:53:41+00:00\",\"breadcrumb\":{\"@id\":\"https:\/\/www.toocute.fr\/index.php\/faq\/#breadcrumb\"},\"inLanguage\":\"fr-FR\",\"potentialAction\":[{\"@type\":\"ReadAction\",\"target\":[\"https:\/\/www.toocute.fr\/index.php\/faq\/\"]}]},{\"@type\":\"BreadcrumbList\",\"@id\":\"https:\/\/www.toocute.fr\/index.php\/faq\/#breadcrumb\",\"itemListElement\":[{\"@type\":\"ListItem\",\"position\":1,\"name\":\"Accueil\",\"item\":\"https:\/\/www.toocute.fr\/\"},{\"@type\":\"ListItem\",\"position\":2,\"name\":\"FAQ\"}]},{\"@type\":\"WebSite\",\"@id\":\"https:\/\/www.toocute.fr\/#website\",\"url\":\"https:\/\/www.toocute.fr\/\",\"name\":\"Ang\u00e9lique JAILLON, Designer graphique \u270d\ud83c\udffb | UX\/UI \ud83e\udde0 | Intervenante design \ud83d\udc69\ud83c\udffb\u200d\ud83d\udcbb | P\u00e9dagogie\",\"description\":\"Je d\u00e9busque des solutions cr\u00e9atives pour vos projets !\",\"publisher\":{\"@id\":\"https:\/\/www.toocute.fr\/#organization\"},\"alternateName\":\"Designer graphique & UX UI Designer \u00e0 Montpellier\",\"potentialAction\":[{\"@type\":\"SearchAction\",\"target\":{\"@type\":\"EntryPoint\",\"urlTemplate\":\"https:\/\/www.toocute.fr\/?s={search_term_string}\"},\"query-input\":{\"@type\":\"PropertyValueSpecification\",\"valueRequired\":true,\"valueName\":\"search_term_string\"}}],\"inLanguage\":\"fr-FR\"},{\"@type\":\"Organization\",\"@id\":\"https:\/\/www.toocute.fr\/#organization\",\"name\":\"Ang\u00e9lique JAILLON, Designer graphique \u270d\ud83c\udffb | UX\/UI \ud83e\udde0 | Intervenante design \ud83d\udc69\ud83c\udffb\u200d\ud83d\udcbb | P\u00e9dagogie\",\"url\":\"https:\/\/www.toocute.fr\/\",\"logo\":{\"@type\":\"ImageObject\",\"inLanguage\":\"fr-FR\",\"@id\":\"https:\/\/www.toocute.fr\/#\/schema\/logo\/image\/\",\"url\":\"https:\/\/www.toocute.fr\/wp-content\/uploads\/2025\/06\/too-cute-logo-bleu-gris.svg\",\"contentUrl\":\"https:\/\/www.toocute.fr\/wp-content\/uploads\/2025\/06\/too-cute-logo-bleu-gris.svg\",\"width\":1,\"height\":1,\"caption\":\"Ang\u00e9lique JAILLON, Designer graphique \u270d\ud83c\udffb | UX\/UI \ud83e\udde0 | Intervenante design \ud83d\udc69\ud83c\udffb\u200d\ud83d\udcbb | P\u00e9dagogie\"},\"image\":{\"@id\":\"https:\/\/www.toocute.fr\/#\/schema\/logo\/image\/\"},\"sameAs\":[\"https:\/\/www.instagram.com\/toocutedesign\/\",\"https:\/\/www.linkedin.com\/in\/angeliquejaillon\/\",\"https:\/\/fr.pinterest.com\/toocute\/_boards\/\"]}]}<\/script>\n<!-- \/ Yoast SEO plugin. -->","yoast_head_json":{"title":"FAQ - Ang\u00e9lique JAILLON, Designer graphique \u270d\ud83c\udffb | UX\/UI \ud83e\udde0 | Intervenante design \ud83d\udc69\ud83c\udffb\u200d\ud83d\udcbb | P\u00e9dagogie","robots":{"index":"index","follow":"follow","max-snippet":"max-snippet:-1","max-image-preview":"max-image-preview:large","max-video-preview":"max-video-preview:-1"},"canonical":"https:\/\/www.toocute.fr\/index.php\/faq\/","og_locale":"fr_FR","og_type":"article","og_title":"FAQ - Ang\u00e9lique JAILLON, Designer graphique \u270d\ud83c\udffb | UX\/UI \ud83e\udde0 | Intervenante design \ud83d\udc69\ud83c\udffb\u200d\ud83d\udcbb | P\u00e9dagogie","og_description":"En g\u00e9n\u00e9ral Quelle est mon exp\u00e9rience en design graphique et digital ? Je suis graphiste freelance \u00e0 Montpellier depuis plus de 15 ans. J\u2019ai accompagn\u00e9 de nombreuses structures dans des secteurs vari\u00e9s : institutions culturelles, entreprises locales, cabinets d\u2019avocats, start-ups, associations\u2026 Mon expertise couvre \u00e0 la fois le design graphique, le webdesign UX\/UI, l\u2019identit\u00e9 visuelle [&hellip;]","og_url":"https:\/\/www.toocute.fr\/index.php\/faq\/","og_site_name":"Ang\u00e9lique JAILLON, Designer graphique \u270d\ud83c\udffb | UX\/UI \ud83e\udde0 | Intervenante design \ud83d\udc69\ud83c\udffb\u200d\ud83d\udcbb | P\u00e9dagogie","article_modified_time":"2025-07-31T09:53:41+00:00","og_image":[{"width":2560,"height":1704,"url":"https:\/\/www.toocute.fr\/wp-content\/uploads\/2025\/07\/direction-artistique-tamboor-couches-angelique-jaillon-2-scaled.jpg","type":"image\/jpeg"}],"twitter_card":"summary_large_image","twitter_misc":{"Dur\u00e9e de lecture estim\u00e9e":"5 minutes"},"schema":{"@context":"https:\/\/schema.org","@graph":[{"@type":"WebPage","@id":"https:\/\/www.toocute.fr\/index.php\/faq\/","url":"https:\/\/www.toocute.fr\/index.php\/faq\/","name":"FAQ - Ang\u00e9lique JAILLON, Designer graphique \u270d\ud83c\udffb | UX\/UI \ud83e\udde0 | Intervenante design \ud83d\udc69\ud83c\udffb\u200d\ud83d\udcbb | P\u00e9dagogie","isPartOf":{"@id":"https:\/\/www.toocute.fr\/#website"},"datePublished":"2025-07-30T14:18:35+00:00","dateModified":"2025-07-31T09:53:41+00:00","breadcrumb":{"@id":"https:\/\/www.toocute.fr\/index.php\/faq\/#breadcrumb"},"inLanguage":"fr-FR","potentialAction":[{"@type":"ReadAction","target":["https:\/\/www.toocute.fr\/index.php\/faq\/"]}]},{"@type":"BreadcrumbList","@id":"https:\/\/www.toocute.fr\/index.php\/faq\/#breadcrumb","itemListElement":[{"@type":"ListItem","position":1,"name":"Accueil","item":"https:\/\/www.toocute.fr\/"},{"@type":"ListItem","position":2,"name":"FAQ"}]},{"@type":"WebSite","@id":"https:\/\/www.toocute.fr\/#website","url":"https:\/\/www.toocute.fr\/","name":"Ang\u00e9lique JAILLON, Designer graphique \u270d\ud83c\udffb | UX\/UI \ud83e\udde0 | Intervenante design \ud83d\udc69\ud83c\udffb\u200d\ud83d\udcbb | P\u00e9dagogie","description":"Je d\u00e9busque des solutions cr\u00e9atives pour vos projets !","publisher":{"@id":"https:\/\/www.toocute.fr\/#organization"},"alternateName":"Designer graphique & UX UI Designer \u00e0 Montpellier","potentialAction":[{"@type":"SearchAction","target":{"@type":"EntryPoint","urlTemplate":"https:\/\/www.toocute.fr\/?s={search_term_string}"},"query-input":{"@type":"PropertyValueSpecification","valueRequired":true,"valueName":"search_term_string"}}],"inLanguage":"fr-FR"},{"@type":"Organization","@id":"https:\/\/www.toocute.fr\/#organization","name":"Ang\u00e9lique JAILLON, Designer graphique \u270d\ud83c\udffb | UX\/UI \ud83e\udde0 | Intervenante design \ud83d\udc69\ud83c\udffb\u200d\ud83d\udcbb | P\u00e9dagogie","url":"https:\/\/www.toocute.fr\/","logo":{"@type":"ImageObject","inLanguage":"fr-FR","@id":"https:\/\/www.toocute.fr\/#\/schema\/logo\/image\/","url":"https:\/\/www.toocute.fr\/wp-content\/uploads\/2025\/06\/too-cute-logo-bleu-gris.svg","contentUrl":"https:\/\/www.toocute.fr\/wp-content\/uploads\/2025\/06\/too-cute-logo-bleu-gris.svg","width":1,"height":1,"caption":"Ang\u00e9lique JAILLON, Designer graphique \u270d\ud83c\udffb | UX\/UI \ud83e\udde0 | Intervenante design \ud83d\udc69\ud83c\udffb\u200d\ud83d\udcbb | P\u00e9dagogie"},"image":{"@id":"https:\/\/www.toocute.fr\/#\/schema\/logo\/image\/"},"sameAs":["https:\/\/www.instagram.com\/toocutedesign\/","https:\/\/www.linkedin.com\/in\/angeliquejaillon\/","https:\/\/fr.pinterest.com\/toocute\/_boards\/"]}]}},"_links":{"self":[{"href":"https:\/\/www.toocute.fr\/index.php\/wp-json\/wp\/v2\/pages\/4721","targetHints":{"allow":["GET"]}}],"collection":[{"href":"https:\/\/www.toocute.fr\/index.php\/wp-json\/wp\/v2\/pages"}],"about":[{"href":"https:\/\/www.toocute.fr\/index.php\/wp-json\/wp\/v2\/types\/page"}],"author":[{"embeddable":true,"href":"https:\/\/www.toocute.fr\/index.php\/wp-json\/wp\/v2\/users\/1"}],"replies":[{"embeddable":true,"href":"https:\/\/www.toocute.fr\/index.php\/wp-json\/wp\/v2\/comments?post=4721"}],"version-history":[{"count":33,"href":"https:\/\/www.toocute.fr\/index.php\/wp-json\/wp\/v2\/pages\/4721\/revisions"}],"predecessor-version":[{"id":4780,"href":"https:\/\/www.toocute.fr\/index.php\/wp-json\/wp\/v2\/pages\/4721\/revisions\/4780"}],"wp:attachment":[{"href":"https:\/\/www.toocute.fr\/index.php\/wp-json\/wp\/v2\/media?parent=4721"}],"curies":[{"name":"wp","href":"https:\/\/api.w.org\/{rel}","templated":true}]}}